{"id":12,"date":"2020-05-26T21:30:27","date_gmt":"2020-05-26T19:30:27","guid":{"rendered":"http:\/\/watteld.cluster028.hosting.ovh.net\/?page_id=12"},"modified":"2026-03-16T09:55:20","modified_gmt":"2026-03-16T08:55:20","slug":"contact","status":"publish","type":"page","link":"https:\/\/www.wattelse.fr\/fr\/accueil\/contact\/","title":{"rendered":"Contact"},"content":{"rendered":"\t\t<div data-elementor-type=\"wp-page\" data-elementor-id=\"12\" class=\"elementor elementor-12\" data-elementor-post-type=\"page\">\n\t\t\t\t<div class=\"elementor-element elementor-element-4485778 e-con-full e-flex e-con e-parent\" data-id=\"4485778\" data-element_type=\"container\" data-e-type=\"container\" data-settings=\"{&quot;background_background&quot;:&quot;classic&quot;}\">\n\t\t\t\t<div class=\"elementor-element elementor-element-b9669ca span.distingue elementor-widget elementor-widget-heading\" data-id=\"b9669ca\" data-element_type=\"widget\" data-e-type=\"widget\" data-widget_type=\"heading.default\">\n\t\t\t\t<div class=\"elementor-widget-container\">\n\t\t\t\t\t<h1 class=\"elementor-heading-title elementor-size-default\">Nous <span class=\"gradient-contacter\">contacter<\/span><\/h1>\t\t\t\t<\/div>\n\t\t\t\t<\/div>\n\t\t\t\t<div class=\"elementor-element elementor-element-e163991 elementor-widget__width-initial elementor-widget elementor-widget-text-editor\" data-id=\"e163991\" data-element_type=\"widget\" data-e-type=\"widget\" data-widget_type=\"text-editor.default\">\n\t\t\t\t<div class=\"elementor-widget-container\">\n\t\t\t\t\t\t\t\t\t<p>Vous d\u00e9sirez des informations sur une formation ? Une <strong>formation sur mesure<\/strong> ?\u2028Laissez-nous vos coordonn\u00e9es et notre \u00e9quipe vous contactera dans les plus brefs d\u00e9lais.<\/p>\t\t\t\t\t\t\t\t<\/div>\n\t\t\t\t<\/div>\n\t\t<div class=\"elementor-element elementor-element-5861d4a e-con-full e-flex e-con e-child\" data-id=\"5861d4a\" data-element_type=\"container\" data-e-type=\"container\" data-settings=\"{&quot;background_background&quot;:&quot;classic&quot;}\">\n\t\t\t\t<div class=\"elementor-element elementor-element-8fc35f3 elementor-widget elementor-widget-heading\" data-id=\"8fc35f3\" data-element_type=\"widget\" data-e-type=\"widget\" data-widget_type=\"heading.default\">\n\t\t\t\t<div class=\"elementor-widget-container\">\n\t\t\t\t\t<h2 class=\"elementor-heading-title elementor-size-default\">Demande d'informations<\/h2>\t\t\t\t<\/div>\n\t\t\t\t<\/div>\n\t\t\t\t<div class=\"elementor-element elementor-element-a62eca3 elementor-button-align-stretch elementor-widget elementor-widget-form\" data-id=\"a62eca3\" data-element_type=\"widget\" data-e-type=\"widget\" data-settings=\"{&quot;step_next_label&quot;:&quot;Suivant&quot;,&quot;step_previous_label&quot;:&quot;Pr\\u00e9c\\u00e9dent&quot;,&quot;button_width&quot;:&quot;100&quot;,&quot;step_type&quot;:&quot;number_text&quot;,&quot;step_icon_shape&quot;:&quot;circle&quot;}\" data-widget_type=\"form.default\">\n\t\t\t\t<div class=\"elementor-widget-container\">\n\t\t\t\t\t\t\t<form class=\"elementor-form\" method=\"post\" name=\"Nouveau formulaire\" aria-label=\"Nouveau formulaire\">\n\t\t\t<input type=\"hidden\" name=\"post_id\" value=\"12\"\/>\n\t\t\t<input type=\"hidden\" name=\"form_id\" value=\"a62eca3\"\/>\n\t\t\t<input type=\"hidden\" name=\"referer_title\" value=\"Nous contacter\" \/>\n\n\t\t\t\t\t\t\t<input type=\"hidden\" name=\"queried_id\" value=\"12\"\/>\n\t\t\t\n\t\t\t<div class=\"elementor-form-fields-wrapper elementor-labels-above\">\n\t\t\t\t\t\t\t\t<div class=\"elementor-field-type-text elementor-field-group elementor-column elementor-field-group-name elementor-col-100\">\n\t\t\t\t\t\t\t\t\t\t\t\t<label for=\"form-field-name\" class=\"elementor-field-label\">\n\t\t\t\t\t\t\t\tNom Pr\u00e9nom\t\t\t\t\t\t\t<\/label>\n\t\t\t\t\t\t\t\t\t\t\t\t\t\t<input size=\"1\" type=\"text\" name=\"form_fields[name]\" id=\"form-field-name\" class=\"elementor-field elementor-size-sm  elementor-field-textual\">\n\t\t\t\t\t\t\t\t\t\t\t<\/div>\n\t\t\t\t\t\t\t\t<div class=\"elementor-field-type-text elementor-field-group elementor-column elementor-field-group-field_93a8240 elementor-col-100\">\n\t\t\t\t\t\t\t\t\t\t\t\t<label for=\"form-field-field_93a8240\" class=\"elementor-field-label\">\n\t\t\t\t\t\t\t\tEntreprise\t\t\t\t\t\t\t<\/label>\n\t\t\t\t\t\t\t\t\t\t\t\t\t\t<input size=\"1\" type=\"text\" name=\"form_fields[field_93a8240]\" id=\"form-field-field_93a8240\" class=\"elementor-field elementor-size-sm  elementor-field-textual\">\n\t\t\t\t\t\t\t\t\t\t\t<\/div>\n\t\t\t\t\t\t\t\t<div class=\"elementor-field-type-tel elementor-field-group elementor-column elementor-field-group-field_bf6e6e5 elementor-col-100\">\n\t\t\t\t\t\t\t\t\t\t\t\t<label for=\"form-field-field_bf6e6e5\" class=\"elementor-field-label\">\n\t\t\t\t\t\t\t\tT\u00e9l\u00e9phone\t\t\t\t\t\t\t<\/label>\n\t\t\t\t\t\t\t\t<input size=\"1\" type=\"tel\" name=\"form_fields[field_bf6e6e5]\" id=\"form-field-field_bf6e6e5\" class=\"elementor-field elementor-size-sm  elementor-field-textual\" pattern=\"[0-9()#&amp;+*-=.]+\" title=\"Seuls les caract\u00e8res de num\u00e9ros de t\u00e9l\u00e9phone (#, -, *, etc.) sont accept\u00e9s.\">\n\n\t\t\t\t\t\t<\/div>\n\t\t\t\t\t\t\t\t<div class=\"elementor-field-type-email elementor-field-group elementor-column elementor-field-group-email elementor-col-100 elementor-field-required\">\n\t\t\t\t\t\t\t\t\t\t\t\t<label for=\"form-field-email\" class=\"elementor-field-label\">\n\t\t\t\t\t\t\t\tE-mail\t\t\t\t\t\t\t<\/label>\n\t\t\t\t\t\t\t\t\t\t\t\t\t\t<input size=\"1\" type=\"email\" name=\"form_fields[email]\" id=\"form-field-email\" class=\"elementor-field elementor-size-sm  elementor-field-textual\" required=\"required\">\n\t\t\t\t\t\t\t\t\t\t\t<\/div>\n\t\t\t\t\t\t\t\t<div class=\"elementor-field-type-checkbox elementor-field-group elementor-column elementor-field-group-field_58e19ad elementor-col-100\">\n\t\t\t\t\t\t\t\t\t\t\t\t<label for=\"form-field-field_58e19ad\" class=\"elementor-field-label\">\n\t\t\t\t\t\t\t\tVous \u00eates int\u00e9r\u00e9ss\u00e9.e par :\t\t\t\t\t\t\t<\/label>\n\t\t\t\t\t\t<div class=\"elementor-field-subgroup  elementor-subgroup-inline\"><span class=\"elementor-field-option\"><input type=\"checkbox\" value=\"R\u00e9f\u00e9rent Harc\u00e8lement\" id=\"form-field-field_58e19ad-0\" name=\"form_fields[field_58e19ad][]\"> <label for=\"form-field-field_58e19ad-0\">R\u00e9f\u00e9rent Harc\u00e8lement<\/label><\/span><span class=\"elementor-field-option\"><input type=\"checkbox\" value=\"CSE\/CSSCT\" id=\"form-field-field_58e19ad-1\" name=\"form_fields[field_58e19ad][]\"> <label for=\"form-field-field_58e19ad-1\">CSE\/CSSCT<\/label><\/span><span class=\"elementor-field-option\"><input type=\"checkbox\" value=\"SST\" id=\"form-field-field_58e19ad-2\" name=\"form_fields[field_58e19ad][]\"> <label for=\"form-field-field_58e19ad-2\">SST<\/label><\/span><span class=\"elementor-field-option\"><input type=\"checkbox\" value=\"\" id=\"form-field-field_58e19ad-3\" name=\"form_fields[field_58e19ad][]\"> <label for=\"form-field-field_58e19ad-3\">Habilitation \u00e9lectrique<\/label><\/span><span class=\"elementor-field-option\"><input type=\"checkbox\" value=\"Incendie\" id=\"form-field-field_58e19ad-4\" name=\"form_fields[field_58e19ad][]\"> <label for=\"form-field-field_58e19ad-4\">Incendie<\/label><\/span><span class=\"elementor-field-option\"><input type=\"checkbox\" value=\"Autre\" id=\"form-field-field_58e19ad-5\" name=\"form_fields[field_58e19ad][]\"> <label for=\"form-field-field_58e19ad-5\">Autre<\/label><\/span><\/div>\t\t\t\t<\/div>\n\t\t\t\t\t\t\t\t<div class=\"elementor-field-type-textarea elementor-field-group elementor-column elementor-field-group-message elementor-col-100\">\n\t\t\t\t\t\t\t\t\t\t\t\t<label for=\"form-field-message\" class=\"elementor-field-label\">\n\t\t\t\t\t\t\t\tMessage\t\t\t\t\t\t\t<\/label>\n\t\t\t\t\t\t<textarea class=\"elementor-field-textual elementor-field  elementor-size-sm\" name=\"form_fields[message]\" id=\"form-field-message\" rows=\"7\"><\/textarea>\t\t\t\t<\/div>\n\t\t\t\t\t\t\t\t<div class=\"elementor-field-type-recaptcha_v3 elementor-field-group elementor-column elementor-field-group-field_82ec30f elementor-col-100 recaptcha_v3-bottomleft\">\n\t\t\t\t\t<div class=\"elementor-field\" id=\"form-field-field_82ec30f\"><div class=\"elementor-g-recaptcha\" data-sitekey=\"6Lf_ID0sAAAAADkx8b3pd23O42mhiGNKbS50hfr0\" data-type=\"v3\" data-action=\"Form\" data-badge=\"bottomleft\" data-size=\"invisible\"><\/div><\/div>\t\t\t\t<\/div>\n\t\t\t\t\t\t\t\t<div class=\"elementor-field-group elementor-column elementor-field-type-submit elementor-col-100 e-form__buttons\">\n\t\t\t\t\t<button class=\"elementor-button elementor-size-sm\" type=\"submit\">\n\t\t\t\t\t\t<span class=\"elementor-button-content-wrapper\">\n\t\t\t\t\t\t\t\t\t\t\t\t\t\t\t\t\t\t\t\t\t\t<span class=\"elementor-button-text\">Envoyer<\/span>\n\t\t\t\t\t\t\t\t\t\t\t\t\t<\/span>\n\t\t\t\t\t<\/button>\n\t\t\t\t<\/div>\n\t\t\t<\/div>\n\t\t<\/form>\n\t\t\t\t\t\t<\/div>\n\t\t\t\t<\/div>\n\t\t\t\t<\/div>\n\t\t\t\t<\/div>\n\t\t\t\t<\/div>\n\t\t","protected":false},"excerpt":{"rendered":"<p>Nous contacter Vous d\u00e9sirez des informations sur une formation ? Une formation sur mesure ?\u2028Laissez-nous vos coordonn\u00e9es et notre \u00e9quipe vous contactera dans les plus brefs d\u00e9lais. Demande d&rsquo;informations<\/p>\n","protected":false},"author":1,"featured_media":0,"parent":435,"menu_order":3,"comment_status":"closed","ping_status":"closed","template":"","meta":{"footnotes":""},"class_list":["post-12","page","type-page","status-publish","hentry"],"yoast_head":"<!-- This site is optimized with the Yoast SEO plugin v27.4 - https:\/\/yoast.com\/product\/yoast-seo-wordpress\/ -->\n<title>Nous contacter<\/title>\n<meta name=\"description\" content=\"Notre centre de formation en pr\u00e9vention des risques vous accueille sur Lyon, Rillieux-la-Pape, et \u00e9galement chez nos partenaires r\u00e9partis sur toute la France.\" \/>\n<meta name=\"robots\" content=\"index, follow, max-snippet:-1, max-image-preview:large, max-video-preview:-1\" \/>\n<link rel=\"canonical\" href=\"https:\/\/www.wattelse.fr\/fr\/accueil\/contact\/\" \/>\n<meta property=\"og:locale\" content=\"fr_FR\" \/>\n<meta property=\"og:type\" content=\"article\" \/>\n<meta property=\"og:title\" content=\"Nous contacter\" \/>\n<meta property=\"og:description\" content=\"Notre centre de formation en pr\u00e9vention des risques vous accueille sur Lyon, Rillieux-la-Pape, et \u00e9galement chez nos partenaires r\u00e9partis sur toute la France.\" \/>\n<meta property=\"og:url\" content=\"https:\/\/www.wattelse.fr\/fr\/accueil\/contact\/\" \/>\n<meta property=\"og:site_name\" content=\"Watt Else Training\" \/>\n<meta property=\"article:publisher\" content=\"https:\/\/www.facebook.com\/Watt-Else-Training-102393205204153\" \/>\n<meta property=\"article:modified_time\" content=\"2026-03-16T08:55:20+00:00\" \/>\n<meta property=\"og:image\" content=\"https:\/\/www.wattelse.fr\/wp-content\/uploads\/2024\/01\/QL.png\" \/>\n\t<meta property=\"og:image:width\" content=\"1755\" \/>\n\t<meta property=\"og:image:height\" content=\"1061\" \/>\n\t<meta property=\"og:image:type\" content=\"image\/png\" \/>\n<meta name=\"twitter:card\" content=\"summary_large_image\" \/>\n<meta name=\"twitter:label1\" content=\"Dur\u00e9e de lecture estim\u00e9e\" \/>\n\t<meta name=\"twitter:data1\" content=\"1 minute\" \/>\n<script type=\"application\/ld+json\" class=\"yoast-schema-graph\">{\"@context\":\"https:\\\/\\\/schema.org\",\"@graph\":[{\"@type\":[\"WebPage\",\"ContactPage\"],\"@id\":\"https:\\\/\\\/www.wattelse.fr\\\/accueil\\\/contact\\\/\",\"url\":\"https:\\\/\\\/www.wattelse.fr\\\/fr\\\/accueil\\\/contact\\\/\",\"name\":\"Nous contacter\",\"isPartOf\":{\"@id\":\"https:\\\/\\\/www.wattelse.fr\\\/#website\"},\"datePublished\":\"2020-05-26T19:30:27+00:00\",\"dateModified\":\"2026-03-16T08:55:20+00:00\",\"description\":\"Notre centre de formation en pr\u00e9vention des risques vous accueille sur Lyon, Rillieux-la-Pape, et \u00e9galement chez nos partenaires r\u00e9partis sur toute la France.\",\"breadcrumb\":{\"@id\":\"https:\\\/\\\/www.wattelse.fr\\\/fr\\\/accueil\\\/contact\\\/#breadcrumb\"},\"inLanguage\":\"fr-FR\",\"potentialAction\":[{\"@type\":\"ReadAction\",\"target\":[\"https:\\\/\\\/www.wattelse.fr\\\/fr\\\/accueil\\\/contact\\\/\"]}]},{\"@type\":\"BreadcrumbList\",\"@id\":\"https:\\\/\\\/www.wattelse.fr\\\/fr\\\/accueil\\\/contact\\\/#breadcrumb\",\"itemListElement\":[{\"@type\":\"ListItem\",\"position\":1,\"name\":\"Accueil\",\"item\":\"https:\\\/\\\/www.wattelse.fr\\\/fr\\\/\"},{\"@type\":\"ListItem\",\"position\":2,\"name\":\"Contact\"}]},{\"@type\":\"WebSite\",\"@id\":\"https:\\\/\\\/www.wattelse.fr\\\/#website\",\"url\":\"https:\\\/\\\/www.wattelse.fr\\\/\",\"name\":\"Watt Else Training\",\"description\":\"Organisme de formation de pr\u00e9vention des risques professionnels \u00e0 Lyon\",\"publisher\":{\"@id\":\"https:\\\/\\\/www.wattelse.fr\\\/#organization\"},\"potentialAction\":[{\"@type\":\"SearchAction\",\"target\":{\"@type\":\"EntryPoint\",\"urlTemplate\":\"https:\\\/\\\/www.wattelse.fr\\\/?s={search_term_string}\"},\"query-input\":{\"@type\":\"PropertyValueSpecification\",\"valueRequired\":true,\"valueName\":\"search_term_string\"}}],\"inLanguage\":\"fr-FR\"},{\"@type\":\"Organization\",\"@id\":\"https:\\\/\\\/www.wattelse.fr\\\/#organization\",\"name\":\"WATT ELSE TRAINING\",\"url\":\"https:\\\/\\\/www.wattelse.fr\\\/\",\"logo\":{\"@type\":\"ImageObject\",\"inLanguage\":\"fr-FR\",\"@id\":\"https:\\\/\\\/www.wattelse.fr\\\/#\\\/schema\\\/logo\\\/image\\\/\",\"url\":\"https:\\\/\\\/www.wattelse.fr\\\/wp-content\\\/uploads\\\/2021\\\/04\\\/Logo-Watt-Else-Training.png\",\"contentUrl\":\"https:\\\/\\\/www.wattelse.fr\\\/wp-content\\\/uploads\\\/2021\\\/04\\\/Logo-Watt-Else-Training.png\",\"width\":567,\"height\":567,\"caption\":\"WATT ELSE TRAINING\"},\"image\":{\"@id\":\"https:\\\/\\\/www.wattelse.fr\\\/#\\\/schema\\\/logo\\\/image\\\/\"},\"sameAs\":[\"https:\\\/\\\/www.facebook.com\\\/Watt-Else-Training-102393205204153\",\"https:\\\/\\\/www.linkedin.com\\\/company\\\/watt-else-training\\\/\"]}]}<\/script>\n<!-- \/ Yoast SEO plugin. -->","yoast_head_json":{"title":"Nous contacter","description":"Notre centre de formation en pr\u00e9vention des risques vous accueille sur Lyon, Rillieux-la-Pape, et \u00e9galement chez nos partenaires r\u00e9partis sur toute la France.","robots":{"index":"index","follow":"follow","max-snippet":"max-snippet:-1","max-image-preview":"max-image-preview:large","max-video-preview":"max-video-preview:-1"},"canonical":"https:\/\/www.wattelse.fr\/fr\/accueil\/contact\/","og_locale":"fr_FR","og_type":"article","og_title":"Nous contacter","og_description":"Notre centre de formation en pr\u00e9vention des risques vous accueille sur Lyon, Rillieux-la-Pape, et \u00e9galement chez nos partenaires r\u00e9partis sur toute la France.","og_url":"https:\/\/www.wattelse.fr\/fr\/accueil\/contact\/","og_site_name":"Watt Else Training","article_publisher":"https:\/\/www.facebook.com\/Watt-Else-Training-102393205204153","article_modified_time":"2026-03-16T08:55:20+00:00","og_image":[{"width":1755,"height":1061,"url":"https:\/\/www.wattelse.fr\/wp-content\/uploads\/2024\/01\/QL.png","type":"image\/png"}],"twitter_card":"summary_large_image","twitter_misc":{"Dur\u00e9e de lecture estim\u00e9e":"1 minute"},"schema":{"@context":"https:\/\/schema.org","@graph":[{"@type":["WebPage","ContactPage"],"@id":"https:\/\/www.wattelse.fr\/accueil\/contact\/","url":"https:\/\/www.wattelse.fr\/fr\/accueil\/contact\/","name":"Nous contacter","isPartOf":{"@id":"https:\/\/www.wattelse.fr\/#website"},"datePublished":"2020-05-26T19:30:27+00:00","dateModified":"2026-03-16T08:55:20+00:00","description":"Notre centre de formation en pr\u00e9vention des risques vous accueille sur Lyon, Rillieux-la-Pape, et \u00e9galement chez nos partenaires r\u00e9partis sur toute la France.","breadcrumb":{"@id":"https:\/\/www.wattelse.fr\/fr\/accueil\/contact\/#breadcrumb"},"inLanguage":"fr-FR","potentialAction":[{"@type":"ReadAction","target":["https:\/\/www.wattelse.fr\/fr\/accueil\/contact\/"]}]},{"@type":"BreadcrumbList","@id":"https:\/\/www.wattelse.fr\/fr\/accueil\/contact\/#breadcrumb","itemListElement":[{"@type":"ListItem","position":1,"name":"Accueil","item":"https:\/\/www.wattelse.fr\/fr\/"},{"@type":"ListItem","position":2,"name":"Contact"}]},{"@type":"WebSite","@id":"https:\/\/www.wattelse.fr\/#website","url":"https:\/\/www.wattelse.fr\/","name":"Watt Else Training","description":"Organisme de formation de pr\u00e9vention des risques professionnels \u00e0 Lyon","publisher":{"@id":"https:\/\/www.wattelse.fr\/#organization"},"potentialAction":[{"@type":"SearchAction","target":{"@type":"EntryPoint","urlTemplate":"https:\/\/www.wattelse.fr\/?s={search_term_string}"},"query-input":{"@type":"PropertyValueSpecification","valueRequired":true,"valueName":"search_term_string"}}],"inLanguage":"fr-FR"},{"@type":"Organization","@id":"https:\/\/www.wattelse.fr\/#organization","name":"WATT ELSE TRAINING","url":"https:\/\/www.wattelse.fr\/","logo":{"@type":"ImageObject","inLanguage":"fr-FR","@id":"https:\/\/www.wattelse.fr\/#\/schema\/logo\/image\/","url":"https:\/\/www.wattelse.fr\/wp-content\/uploads\/2021\/04\/Logo-Watt-Else-Training.png","contentUrl":"https:\/\/www.wattelse.fr\/wp-content\/uploads\/2021\/04\/Logo-Watt-Else-Training.png","width":567,"height":567,"caption":"WATT ELSE TRAINING"},"image":{"@id":"https:\/\/www.wattelse.fr\/#\/schema\/logo\/image\/"},"sameAs":["https:\/\/www.facebook.com\/Watt-Else-Training-102393205204153","https:\/\/www.linkedin.com\/company\/watt-else-training\/"]}]}},"_links":{"self":[{"href":"https:\/\/www.wattelse.fr\/fr\/wp-json\/wp\/v2\/pages\/12","targetHints":{"allow":["GET"]}}],"collection":[{"href":"https:\/\/www.wattelse.fr\/fr\/wp-json\/wp\/v2\/pages"}],"about":[{"href":"https:\/\/www.wattelse.fr\/fr\/wp-json\/wp\/v2\/types\/page"}],"author":[{"embeddable":true,"href":"https:\/\/www.wattelse.fr\/fr\/wp-json\/wp\/v2\/users\/1"}],"replies":[{"embeddable":true,"href":"https:\/\/www.wattelse.fr\/fr\/wp-json\/wp\/v2\/comments?post=12"}],"version-history":[{"count":152,"href":"https:\/\/www.wattelse.fr\/fr\/wp-json\/wp\/v2\/pages\/12\/revisions"}],"predecessor-version":[{"id":6794,"href":"https:\/\/www.wattelse.fr\/fr\/wp-json\/wp\/v2\/pages\/12\/revisions\/6794"}],"up":[{"embeddable":true,"href":"https:\/\/www.wattelse.fr\/fr\/wp-json\/wp\/v2\/pages\/435"}],"wp:attachment":[{"href":"https:\/\/www.wattelse.fr\/fr\/wp-json\/wp\/v2\/media?parent=12"}],"curies":[{"name":"wp","href":"https:\/\/api.w.org\/{rel}","templated":true}]}}