{"id":4080,"date":"2024-03-04T11:36:50","date_gmt":"2024-03-04T10:36:50","guid":{"rendered":"https:\/\/www.wattelse.fr\/?page_id=4080"},"modified":"2024-03-04T12:16:02","modified_gmt":"2024-03-04T11:16:02","slug":"plan-de-site","status":"publish","type":"page","link":"https:\/\/www.wattelse.fr\/fr\/accueil\/plan-de-site\/","title":{"rendered":"Plan de site"},"content":{"rendered":"\t\t<div data-elementor-type=\"wp-page\" data-elementor-id=\"4080\" class=\"elementor elementor-4080\" data-elementor-post-type=\"page\">\n\t\t\t\t\t\t<section class=\"elementor-section elementor-top-section elementor-element elementor-element-76e4a6b elementor-section-boxed elementor-section-height-default elementor-section-height-default\" data-id=\"76e4a6b\" data-element_type=\"section\" data-e-type=\"section\" data-settings=\"{&quot;background_background&quot;:&quot;classic&quot;}\">\n\t\t\t\t\t\t<div class=\"elementor-container elementor-column-gap-default\">\n\t\t\t\t\t<div class=\"elementor-column elementor-col-100 elementor-top-column elementor-element elementor-element-44d2d77\" data-id=\"44d2d77\" data-element_type=\"column\" data-e-type=\"column\" data-settings=\"{&quot;background_background&quot;:&quot;classic&quot;}\">\n\t\t\t<div class=\"elementor-widget-wrap elementor-element-populated\">\n\t\t\t\t\t\t<div class=\"elementor-element elementor-element-8a5aaed elementor-widget elementor-widget-spacer\" data-id=\"8a5aaed\" data-element_type=\"widget\" data-e-type=\"widget\" data-widget_type=\"spacer.default\">\n\t\t\t\t<div class=\"elementor-widget-container\">\n\t\t\t\t\t\t\t<div class=\"elementor-spacer\">\n\t\t\t<div class=\"elementor-spacer-inner\"><\/div>\n\t\t<\/div>\n\t\t\t\t\t\t<\/div>\n\t\t\t\t<\/div>\n\t\t\t\t\t<\/div>\n\t\t<\/div>\n\t\t\t\t\t<\/div>\n\t\t<\/section>\n\t\t\t\t<section class=\"elementor-section elementor-top-section elementor-element elementor-element-bfdda07 elementor-section-boxed elementor-section-height-default elementor-section-height-default\" data-id=\"bfdda07\" data-element_type=\"section\" data-e-type=\"section\" data-settings=\"{&quot;background_background&quot;:&quot;classic&quot;}\">\n\t\t\t\t\t\t<div class=\"elementor-container elementor-column-gap-default\">\n\t\t\t\t\t<div class=\"elementor-column elementor-col-100 elementor-top-column elementor-element elementor-element-1ef6b20\" data-id=\"1ef6b20\" data-element_type=\"column\" data-e-type=\"column\" data-settings=\"{&quot;background_background&quot;:&quot;classic&quot;}\">\n\t\t\t<div class=\"elementor-widget-wrap elementor-element-populated\">\n\t\t\t\t\t\t<div class=\"elementor-element elementor-element-0ee7ca8 elementor-widget elementor-widget-spacer\" data-id=\"0ee7ca8\" data-element_type=\"widget\" data-e-type=\"widget\" data-widget_type=\"spacer.default\">\n\t\t\t\t<div class=\"elementor-widget-container\">\n\t\t\t\t\t\t\t<div class=\"elementor-spacer\">\n\t\t\t<div class=\"elementor-spacer-inner\"><\/div>\n\t\t<\/div>\n\t\t\t\t\t\t<\/div>\n\t\t\t\t<\/div>\n\t\t\t\t<div class=\"elementor-element elementor-element-a6766e9 elementor-widget elementor-widget-text-editor\" data-id=\"a6766e9\" data-element_type=\"widget\" data-e-type=\"widget\" data-widget_type=\"text-editor.default\">\n\t\t\t\t<div class=\"elementor-widget-container\">\n\t\t\t\t\t\t\t\t\t<p><div class=\"wsp-container\"><h2 class=\"wsp-pages-title\">Pages<\/h2>\n<ul class=\"wsp-pages-list\">\n<li class=\"page_item page-item-435 page_item_has_children\"><a href=\"https:\/\/www.wattelse.fr\/fr\/\">Accueil<\/a>\n<ul class='children'>\n\t<li class=\"page_item page-item-6 page_item_has_children\"><a href=\"https:\/\/www.wattelse.fr\/fr\/accueil\/formations\/\">Nos formations<\/a>\n\t<ul class='children'>\n\t\t<li class=\"page_item page-item-5764\"><a href=\"https:\/\/www.wattelse.fr\/fr\/accueil\/formations\/formation-aipr-lyon-et-paris\/\">Formation AIPR Lyon et Paris<\/a><\/li>\n\t\t<li class=\"page_item page-item-6014\"><a href=\"https:\/\/www.wattelse.fr\/fr\/accueil\/formations\/formation-defibrillateur-lyon-et-paris\/\">Formation D\u00e9fibrillateur Lyon et Paris<\/a><\/li>\n\t\t<li class=\"page_item page-item-5792\"><a href=\"https:\/\/www.wattelse.fr\/fr\/accueil\/formations\/formation-securite-incendie-lyon-et-paris\/\">Formation S\u00e9curit\u00e9 Incendie Lyon et Paris<\/a><\/li>\n\t\t<li class=\"page_item page-item-2979\"><a href=\"https:\/\/www.wattelse.fr\/fr\/accueil\/formations\/formation-sst\/\">Formation SST Lyon et Paris<\/a><\/li>\n\t\t<li class=\"page_item page-item-5979\"><a href=\"https:\/\/www.wattelse.fr\/fr\/accueil\/formations\/formation-sst-mac-lyon-et-paris\/\">Formation SST MAC Lyon et Paris<\/a><\/li>\n\t\t<li class=\"page_item page-item-5947\"><a href=\"https:\/\/www.wattelse.fr\/fr\/accueil\/formations\/hsas-formation-referent-harcelement-1j\/\">HSAS &#8211; Formation R\u00e9f\u00e9rent Harc\u00e8lement &#8211; 1J<\/a><\/li>\n\t\t<li class=\"page_item page-item-5801\"><a href=\"https:\/\/www.wattelse.fr\/fr\/accueil\/formations\/formation-referent-harcelement-lyon-et-paris\/\">HSAS &#8211; Formation R\u00e9f\u00e9rent Harc\u00e8lement &#8211; 2J<\/a><\/li>\n\t\t<li class=\"page_item page-item-5830\"><a href=\"https:\/\/www.wattelse.fr\/fr\/accueil\/formations\/formation-referent-harcelement-1-jour-sur-lyon-ou-paris\/\">HSAS &#8211; Sensibilisation Harc\u00e8lement<\/a><\/li>\n\t\t<li class=\"page_item page-item-3243 page_item_has_children\"><a href=\"https:\/\/www.wattelse.fr\/fr\/accueil\/formations\/habilitation-electrique\/\">Formation Habilitation \u00c9lectrique Lyon et Paris<\/a>\n\t\t<ul class='children'>\n\t\t\t<li class=\"page_item page-item-3613\"><a href=\"https:\/\/www.wattelse.fr\/fr\/accueil\/formations\/habilitation-electrique\/exemple-titre-habilitation-electrique\/\">Exemple titre d\u2019habilitation \u00e9lectrique<\/a><\/li>\n\t\t\t<li class=\"page_item page-item-2533\"><a href=\"https:\/\/www.wattelse.fr\/fr\/accueil\/formations\/habilitation-electrique\/formation-habilitation-electrique-b0-h0\/\">HE &#8211; Formation Habilitation \u00c9lectrique H0 B0 Lyon et Paris<\/a><\/li>\n\t\t\t<li class=\"page_item page-item-6120\"><a href=\"https:\/\/www.wattelse.fr\/fr\/accueil\/formations\/habilitation-electrique\/he-formation-sensibilisation-au-risque-electrique\/\">HE &#8211; Formation Sensibilisation au Risque \u00c9lectrique<\/a><\/li>\n\t\t\t<li class=\"page_item page-item-2849\"><a href=\"https:\/\/www.wattelse.fr\/fr\/accueil\/formations\/habilitation-electrique\/formation-habilitation-electrique-bs-be-manoeuvre-h0v\/\">HE &#8211; Formation Habilitation \u00c9lectrique BS BE Manoeuvre Lyon et Paris<\/a><\/li>\n\t\t\t<li class=\"page_item page-item-2839\"><a href=\"https:\/\/www.wattelse.fr\/fr\/accueil\/formations\/habilitation-electrique\/formation-habilitation-electrique-b2v-br-bc-h0v\/\">HE &#8211; Formation Habilitation \u00c9lectriques B2V BR BC BE Essais Lyon et Paris<\/a><\/li>\n\t\t\t<li class=\"page_item page-item-2854\"><a href=\"https:\/\/www.wattelse.fr\/fr\/accueil\/formations\/habilitation-electrique\/formation-habilitation-electrique-be-essais-h0v\/\">HE &#8211; Formation Habilitation \u00c9lectrique BE Essais Lyon et Paris<\/a><\/li>\n\t\t\t<li class=\"page_item page-item-2861\"><a href=\"https:\/\/www.wattelse.fr\/fr\/accueil\/formations\/habilitation-electrique\/formation-habilitation-electrique-bp-h0v\/\">HE &#8211; Formation Habilitation \u00c9lectrique BR PV BP Lyon et Paris<\/a><\/li>\n\t\t\t<li class=\"page_item page-item-2867\"><a href=\"https:\/\/www.wattelse.fr\/fr\/accueil\/formations\/habilitation-electrique\/formation-habilitation-electrique-bf-hf\/\">HE &#8211; Formation Habilitation \u00c9lectrique BF HF Lyon et Paris<\/a><\/li>\n\t\t<\/ul>\n<\/li>\n\t\t<li class=\"page_item page-item-4604\"><a href=\"https:\/\/www.wattelse.fr\/fr\/accueil\/formations\/formation-nfc-15-100\/\">Formation NFC 15-100<\/a><\/li>\n\t\t<li class=\"page_item page-item-3214\"><a href=\"https:\/\/www.wattelse.fr\/fr\/accueil\/formations\/financement\/\">Financements<\/a><\/li>\n\t<\/ul>\n<\/li>\n\t<li class=\"page_item page-item-11\"><a href=\"https:\/\/www.wattelse.fr\/fr\/accueil\/a-propos\/\">Qui sommes nous ?<\/a><\/li>\n\t<li class=\"page_item page-item-12\"><a href=\"https:\/\/www.wattelse.fr\/fr\/accueil\/contact\/\">Contact<\/a><\/li>\n\t<li class=\"page_item page-item-3507\"><a href=\"https:\/\/www.wattelse.fr\/fr\/accueil\/questions-frequentes-habilitation-electrique\/\">FAQ<\/a><\/li>\n\t<li class=\"page_item page-item-1780\"><a href=\"https:\/\/www.wattelse.fr\/fr\/accueil\/cgv\/\">CGV<\/a><\/li>\n\t<li class=\"page_item page-item-256\"><a href=\"https:\/\/www.wattelse.fr\/fr\/accueil\/mentions-legales\/\">Mentions l\u00e9gales<\/a><\/li>\n\t<li class=\"page_item page-item-4080\"><a href=\"https:\/\/www.wattelse.fr\/fr\/accueil\/plan-de-site\/\">Plan de site<\/a><\/li>\n<\/ul>\n<\/li>\n<\/ul>\n<\/div><\/p>\t\t\t\t\t\t\t\t<\/div>\n\t\t\t\t<\/div>\n\t\t\t\t\t<\/div>\n\t\t<\/div>\n\t\t\t\t\t<\/div>\n\t\t<\/section>\n\t\t\t\t<section class=\"elementor-section elementor-top-section elementor-element elementor-element-012a28b elementor-section-boxed elementor-section-height-default elementor-section-height-default\" data-id=\"012a28b\" data-element_type=\"section\" data-e-type=\"section\" data-settings=\"{&quot;background_background&quot;:&quot;classic&quot;}\">\n\t\t\t\t\t\t<div class=\"elementor-container elementor-column-gap-default\">\n\t\t\t\t\t<div class=\"elementor-column elementor-col-100 elementor-top-column elementor-element elementor-element-21f0697\" data-id=\"21f0697\" data-element_type=\"column\" data-e-type=\"column\" data-settings=\"{&quot;background_background&quot;:&quot;classic&quot;}\">\n\t\t\t<div class=\"elementor-widget-wrap elementor-element-populated\">\n\t\t\t\t\t\t<div class=\"elementor-element elementor-element-8ccf2bb elementor-widget elementor-widget-spacer\" data-id=\"8ccf2bb\" data-element_type=\"widget\" data-e-type=\"widget\" data-widget_type=\"spacer.default\">\n\t\t\t\t<div class=\"elementor-widget-container\">\n\t\t\t\t\t\t\t<div class=\"elementor-spacer\">\n\t\t\t<div class=\"elementor-spacer-inner\"><\/div>\n\t\t<\/div>\n\t\t\t\t\t\t<\/div>\n\t\t\t\t<\/div>\n\t\t\t\t<div class=\"elementor-element elementor-element-6180422 elementor-widget elementor-widget-spacer\" data-id=\"6180422\" data-element_type=\"widget\" data-e-type=\"widget\" data-widget_type=\"spacer.default\">\n\t\t\t\t<div class=\"elementor-widget-container\">\n\t\t\t\t\t\t\t<div class=\"elementor-spacer\">\n\t\t\t<div class=\"elementor-spacer-inner\"><\/div>\n\t\t<\/div>\n\t\t\t\t\t\t<\/div>\n\t\t\t\t<\/div>\n\t\t\t\t\t<\/div>\n\t\t<\/div>\n\t\t\t\t\t<\/div>\n\t\t<\/section>\n\t\t\t\t<\/div>\n\t\t","protected":false},"excerpt":{"rendered":"","protected":false},"author":1,"featured_media":0,"parent":435,"menu_order":4,"comment_status":"closed","ping_status":"closed","template":"","meta":{"footnotes":""},"class_list":["post-4080","page","type-page","status-publish","hentry"],"yoast_head":"<!-- This site is optimized with the Yoast SEO plugin v27.3 - https:\/\/yoast.com\/product\/yoast-seo-wordpress\/ -->\n<title>Plan de site - Watt Else Training<\/title>\n<meta name=\"robots\" content=\"noindex, nofollow\" \/>\n<meta property=\"og:locale\" content=\"fr_FR\" \/>\n<meta property=\"og:type\" content=\"article\" \/>\n<meta property=\"og:title\" content=\"Plan de site - Watt Else Training\" \/>\n<meta property=\"og:url\" content=\"https:\/\/www.wattelse.fr\/fr\/accueil\/plan-de-site\/\" \/>\n<meta property=\"og:site_name\" content=\"Watt Else Training\" \/>\n<meta property=\"article:publisher\" content=\"https:\/\/www.facebook.com\/Watt-Else-Training-102393205204153\" \/>\n<meta property=\"article:modified_time\" content=\"2024-03-04T11:16:02+00:00\" \/>\n<meta property=\"og:image\" content=\"https:\/\/www.wattelse.fr\/wp-content\/uploads\/2024\/01\/QL.png\" \/>\n\t<meta property=\"og:image:width\" content=\"1755\" \/>\n\t<meta property=\"og:image:height\" content=\"1061\" \/>\n\t<meta property=\"og:image:type\" content=\"image\/png\" \/>\n<meta name=\"twitter:card\" content=\"summary_large_image\" \/>\n<meta name=\"twitter:label1\" content=\"Dur\u00e9e de lecture estim\u00e9e\" \/>\n\t<meta name=\"twitter:data1\" content=\"1 minute\" \/>\n<script type=\"application\/ld+json\" class=\"yoast-schema-graph\">{\"@context\":\"https:\\\/\\\/schema.org\",\"@graph\":[{\"@type\":\"WebPage\",\"@id\":\"https:\\\/\\\/www.wattelse.fr\\\/fr\\\/accueil\\\/plan-de-site\\\/\",\"url\":\"https:\\\/\\\/www.wattelse.fr\\\/fr\\\/accueil\\\/plan-de-site\\\/\",\"name\":\"Plan de site - Watt Else Training\",\"isPartOf\":{\"@id\":\"https:\\\/\\\/www.wattelse.fr\\\/#website\"},\"datePublished\":\"2024-03-04T10:36:50+00:00\",\"dateModified\":\"2024-03-04T11:16:02+00:00\",\"breadcrumb\":{\"@id\":\"https:\\\/\\\/www.wattelse.fr\\\/fr\\\/accueil\\\/plan-de-site\\\/#breadcrumb\"},\"inLanguage\":\"fr-FR\",\"potentialAction\":[{\"@type\":\"ReadAction\",\"target\":[\"https:\\\/\\\/www.wattelse.fr\\\/fr\\\/accueil\\\/plan-de-site\\\/\"]}]},{\"@type\":\"BreadcrumbList\",\"@id\":\"https:\\\/\\\/www.wattelse.fr\\\/fr\\\/accueil\\\/plan-de-site\\\/#breadcrumb\",\"itemListElement\":[{\"@type\":\"ListItem\",\"position\":1,\"name\":\"Accueil\",\"item\":\"https:\\\/\\\/www.wattelse.fr\\\/fr\\\/\"},{\"@type\":\"ListItem\",\"position\":2,\"name\":\"Plan de site\"}]},{\"@type\":\"WebSite\",\"@id\":\"https:\\\/\\\/www.wattelse.fr\\\/#website\",\"url\":\"https:\\\/\\\/www.wattelse.fr\\\/\",\"name\":\"Watt Else Training\",\"description\":\"Organisme de formation de pr\u00e9vention des risques professionnels \u00e0 Lyon\",\"publisher\":{\"@id\":\"https:\\\/\\\/www.wattelse.fr\\\/#organization\"},\"potentialAction\":[{\"@type\":\"SearchAction\",\"target\":{\"@type\":\"EntryPoint\",\"urlTemplate\":\"https:\\\/\\\/www.wattelse.fr\\\/?s={search_term_string}\"},\"query-input\":{\"@type\":\"PropertyValueSpecification\",\"valueRequired\":true,\"valueName\":\"search_term_string\"}}],\"inLanguage\":\"fr-FR\"},{\"@type\":\"Organization\",\"@id\":\"https:\\\/\\\/www.wattelse.fr\\\/#organization\",\"name\":\"WATT ELSE TRAINING\",\"url\":\"https:\\\/\\\/www.wattelse.fr\\\/\",\"logo\":{\"@type\":\"ImageObject\",\"inLanguage\":\"fr-FR\",\"@id\":\"https:\\\/\\\/www.wattelse.fr\\\/#\\\/schema\\\/logo\\\/image\\\/\",\"url\":\"https:\\\/\\\/www.wattelse.fr\\\/wp-content\\\/uploads\\\/2021\\\/04\\\/Logo-Watt-Else-Training.png\",\"contentUrl\":\"https:\\\/\\\/www.wattelse.fr\\\/wp-content\\\/uploads\\\/2021\\\/04\\\/Logo-Watt-Else-Training.png\",\"width\":567,\"height\":567,\"caption\":\"WATT ELSE TRAINING\"},\"image\":{\"@id\":\"https:\\\/\\\/www.wattelse.fr\\\/#\\\/schema\\\/logo\\\/image\\\/\"},\"sameAs\":[\"https:\\\/\\\/www.facebook.com\\\/Watt-Else-Training-102393205204153\",\"https:\\\/\\\/www.linkedin.com\\\/company\\\/watt-else-training\\\/\"]}]}<\/script>\n<!-- \/ Yoast SEO plugin. -->","yoast_head_json":{"title":"Plan de site - Watt Else Training","robots":{"index":"noindex","follow":"nofollow"},"og_locale":"fr_FR","og_type":"article","og_title":"Plan de site - Watt Else Training","og_url":"https:\/\/www.wattelse.fr\/fr\/accueil\/plan-de-site\/","og_site_name":"Watt Else Training","article_publisher":"https:\/\/www.facebook.com\/Watt-Else-Training-102393205204153","article_modified_time":"2024-03-04T11:16:02+00:00","og_image":[{"width":1755,"height":1061,"url":"https:\/\/www.wattelse.fr\/wp-content\/uploads\/2024\/01\/QL.png","type":"image\/png"}],"twitter_card":"summary_large_image","twitter_misc":{"Dur\u00e9e de lecture estim\u00e9e":"1 minute"},"schema":{"@context":"https:\/\/schema.org","@graph":[{"@type":"WebPage","@id":"https:\/\/www.wattelse.fr\/fr\/accueil\/plan-de-site\/","url":"https:\/\/www.wattelse.fr\/fr\/accueil\/plan-de-site\/","name":"Plan de site - Watt Else Training","isPartOf":{"@id":"https:\/\/www.wattelse.fr\/#website"},"datePublished":"2024-03-04T10:36:50+00:00","dateModified":"2024-03-04T11:16:02+00:00","breadcrumb":{"@id":"https:\/\/www.wattelse.fr\/fr\/accueil\/plan-de-site\/#breadcrumb"},"inLanguage":"fr-FR","potentialAction":[{"@type":"ReadAction","target":["https:\/\/www.wattelse.fr\/fr\/accueil\/plan-de-site\/"]}]},{"@type":"BreadcrumbList","@id":"https:\/\/www.wattelse.fr\/fr\/accueil\/plan-de-site\/#breadcrumb","itemListElement":[{"@type":"ListItem","position":1,"name":"Accueil","item":"https:\/\/www.wattelse.fr\/fr\/"},{"@type":"ListItem","position":2,"name":"Plan de site"}]},{"@type":"WebSite","@id":"https:\/\/www.wattelse.fr\/#website","url":"https:\/\/www.wattelse.fr\/","name":"Watt Else Training","description":"Organisme de formation de pr\u00e9vention des risques professionnels \u00e0 Lyon","publisher":{"@id":"https:\/\/www.wattelse.fr\/#organization"},"potentialAction":[{"@type":"SearchAction","target":{"@type":"EntryPoint","urlTemplate":"https:\/\/www.wattelse.fr\/?s={search_term_string}"},"query-input":{"@type":"PropertyValueSpecification","valueRequired":true,"valueName":"search_term_string"}}],"inLanguage":"fr-FR"},{"@type":"Organization","@id":"https:\/\/www.wattelse.fr\/#organization","name":"WATT ELSE TRAINING","url":"https:\/\/www.wattelse.fr\/","logo":{"@type":"ImageObject","inLanguage":"fr-FR","@id":"https:\/\/www.wattelse.fr\/#\/schema\/logo\/image\/","url":"https:\/\/www.wattelse.fr\/wp-content\/uploads\/2021\/04\/Logo-Watt-Else-Training.png","contentUrl":"https:\/\/www.wattelse.fr\/wp-content\/uploads\/2021\/04\/Logo-Watt-Else-Training.png","width":567,"height":567,"caption":"WATT ELSE TRAINING"},"image":{"@id":"https:\/\/www.wattelse.fr\/#\/schema\/logo\/image\/"},"sameAs":["https:\/\/www.facebook.com\/Watt-Else-Training-102393205204153","https:\/\/www.linkedin.com\/company\/watt-else-training\/"]}]}},"_links":{"self":[{"href":"https:\/\/www.wattelse.fr\/fr\/wp-json\/wp\/v2\/pages\/4080","targetHints":{"allow":["GET"]}}],"collection":[{"href":"https:\/\/www.wattelse.fr\/fr\/wp-json\/wp\/v2\/pages"}],"about":[{"href":"https:\/\/www.wattelse.fr\/fr\/wp-json\/wp\/v2\/types\/page"}],"author":[{"embeddable":true,"href":"https:\/\/www.wattelse.fr\/fr\/wp-json\/wp\/v2\/users\/1"}],"replies":[{"embeddable":true,"href":"https:\/\/www.wattelse.fr\/fr\/wp-json\/wp\/v2\/comments?post=4080"}],"version-history":[{"count":14,"href":"https:\/\/www.wattelse.fr\/fr\/wp-json\/wp\/v2\/pages\/4080\/revisions"}],"predecessor-version":[{"id":4121,"href":"https:\/\/www.wattelse.fr\/fr\/wp-json\/wp\/v2\/pages\/4080\/revisions\/4121"}],"up":[{"embeddable":true,"href":"https:\/\/www.wattelse.fr\/fr\/wp-json\/wp\/v2\/pages\/435"}],"wp:attachment":[{"href":"https:\/\/www.wattelse.fr\/fr\/wp-json\/wp\/v2\/media?parent=4080"}],"curies":[{"name":"wp","href":"https:\/\/api.w.org\/{rel}","templated":true}]}}